{"id":761,"date":"2023-10-09T10:08:47","date_gmt":"2023-10-09T08:08:47","guid":{"rendered":"https:\/\/forum-ed.com\/politica-de-cookies\/"},"modified":"2023-10-27T12:44:07","modified_gmt":"2023-10-27T10:44:07","slug":"politica-de-cookies","status":"publish","type":"page","link":"https:\/\/forum-ed.com\/es\/politica-de-cookies\/","title":{"rendered":"Pol\u00edtica de cookies"},"content":{"rendered":"<p>[et_pb_section fb_built=\u00bb1&#8243; _builder_version=\u00bb4.22.1&#8243; _module_preset=\u00bbdefault\u00bb use_background_color_gradient=\u00bbon\u00bb background_color_gradient_direction=\u00bb90deg\u00bb background_color_gradient_stops=\u00bb#2eb9c4 0%|#d8b12e 100%\u00bb custom_padding=\u00bb1em||0.5em||false|false\u00bb global_colors_info=\u00bb{}\u00bb][et_pb_row _builder_version=\u00bb4.22.1&#8243; _module_preset=\u00bbdefault\u00bb global_colors_info=\u00bb{}\u00bb][et_pb_column type=\u00bb4_4&#8243; _builder_version=\u00bb4.22.1&#8243; _module_preset=\u00bbdefault\u00bb global_colors_info=\u00bb{}\u00bb][et_pb_text _builder_version=\u00bb4.22.1&#8243; _module_preset=\u00bbdefault\u00bb header_font=\u00bbQuicksand|700||on|||||\u00bb header_text_align=\u00bbcenter\u00bb header_text_color=\u00bb#FFFFFF\u00bb header_font_size=\u00bb35px\u00bb header_line_height=\u00bb1.4em\u00bb global_colors_info=\u00bb{}\u00bb]<\/p>\n<h1>Pol\u00edtica de cookies<\/h1>\n<p>[\/et_pb_text][\/et_pb_column][\/et_pb_row][\/et_pb_section][et_pb_section fb_built=\u00bb1&#8243; _builder_version=\u00bb4.22.1&#8243; _module_preset=\u00bbdefault\u00bb custom_margin=\u00bb||0px||false|false\u00bb custom_padding=\u00bb1em||0px||false|false\u00bb global_colors_info=\u00bb{}\u00bb][et_pb_row _builder_version=\u00bb4.22.1&#8243; _module_preset=\u00bbdefault\u00bb global_colors_info=\u00bb{}\u00bb][et_pb_column type=\u00bb4_4&#8243; _builder_version=\u00bb4.22.1&#8243; _module_preset=\u00bbdefault\u00bb global_colors_info=\u00bb{}\u00bb][et_pb_text _builder_version=\u00bb4.22.1&#8243; _module_preset=\u00bbdefault\u00bb text_font=\u00bbQuicksand||||||||\u00bb text_text_color=\u00bb#000000&#8243; text_font_size=\u00bb16px\u00bb hover_enabled=\u00bb0&#8243; global_colors_info=\u00bb{}\u00bb sticky_enabled=\u00bb0&#8243;]<\/p>\n<div>\n<div title=\"Page 1\">\n<div>\n<div>\n<p>Utilizamos cookies para facilitar el uso de nuestra p\u00e1gina web. Las cookies son peque\u00f1os ficheros de informaci\u00f3n que nos permiten comparar y entender c\u00f3mo nuestros usuarios navegan a trav\u00e9s de nuestra p\u00e1gina web, y de esta manera poder mejorar consecuentemente el proceso de navegaci\u00f3n. Las cookies que utilizamos no almacenan dato personal alguno, ni ning\u00fan tipo de informaci\u00f3n que pueda identificarle. En caso de no querer recibir cookies, por favor configure su navegador de Internet para que las borre del disco duro de su ordenador, las bloquee o le avise en caso de instalaci\u00f3n de las mismas. Para continuar sin cambios en la configuraci\u00f3n de las cookies, simplemente contin\u00fae en la p\u00e1gina web.<\/p>\n<p>Puedes obtener m\u00e1s informaci\u00f3n sobre las cookies y su uso en\u00a0<a href=\"https:\/\/web.archive.org\/web\/20220127060939\/http:\/\/www.aboutcookies.org\/\">www.aboutcookies.org<\/a>. Los tipos de cookies que utilizamos<br \/>Cookies estrictamente necesarias:<\/p>\n<p>Estas cookies son necesarias para el correcto uso de la p\u00e1gina web, permitiendo el acceso a secciones que cuentan con filtros de seguridad. Sin estas cookies, muchos de los servicios disponibles no estar\u00edan operativos.<\/p>\n<p>Cookies de Navegaci\u00f3n:<\/p>\n<p>Estas cookies recogen informaci\u00f3n sobre el uso que las visitas hacen de la web, por ejemplo p\u00e1ginas vistas, errores de carga\u2026 Es informaci\u00f3n gen\u00e9rica y an\u00f3nima, donde no se incluyen datos personales, ni se recoge informaci\u00f3n que identifique a los visitantes; siendo el objetivo \u00faltimo mejorar el funcionamiento de la web.<\/p>\n<p>Al visitar nuestra p\u00e1gina web, acepta la instalaci\u00f3n de estas cookies en su dispositivo.<\/p>\n<p>Cookies Funcionales:<\/p>\n<p>Estas cookies permiten recordar informaci\u00f3n (como su nombre de usuario, idioma o la regi\u00f3n en la que se encuentra) y caracter\u00edsticas m\u00e1s personales. Por ejemplo, la posibilidad de ofrecer contenido personalizado basado en la informaci\u00f3n y criterios que hayas proporcionado voluntariamente. Estas cookies tambi\u00e9n pueden utilizarse para recordar los cambios realizados en el tama\u00f1o del texto, fuentes y otras partes personalizables de la p\u00e1gina web. Tambi\u00e9n se utilizan para ofrecer algunos servicios solicitados, como ver un video o comentar en un blog. La informaci\u00f3n que recopilan estas cookies puede ser an\u00f3nima y no podr\u00e1 ser seguida su actividad en otras p\u00e1ginas web.<\/p>\n<p>Al visitar nuestra p\u00e1gina web, aceptas la instalaci\u00f3n de estas cookies en tu dispositivo.<\/p>\n<p>C\u00f3mo administrar las cookies en los ordenadores<\/p>\n<p>Si quieres permitir el uso de cookies de nuestro site, por favor sigue las siguientes instrucciones.<\/p>\n<p>Google Chrome<\/p>\n<p>1. Al abrir el navegador, pincha \u201cherramientas\u201d en la parte superior y selecciona la pesta\u00f1a de \u201copciones\u201d.<\/p>\n<p>2. Dentro de opciones, pincha \u201cprivacidad\u201d.<br \/>3. Marca \u201cpermitir la administraci\u00f3n de cookies\u201d.<\/p>\n<\/div>\n<\/div>\n<\/div>\n<\/div>\n<div>\n<p>Microsoft Internet Explorer 6.0, 7.0, 8.0, 9.0<\/p>\n<p>1. Al abrir el navegador, pincha \u201cherramientas\u201d en la parte superior y selecciona la pesta\u00f1a de \u201copciones\u201d.<\/p>\n<p>2. Revisa la pesta\u00f1a de \u201cPrivacidad\u201d asegur\u00e1ndote est\u00e1 configurada con un nivel de seguridad medio o inferior.<\/p>\n<p>3. Si la configuraci\u00f3n de Internet no es media se estar\u00e1n bloqueando las cookies.<\/p>\n<p>Mozilla Firefox<\/p>\n<p>1. Al abrir el navegador, pincha \u201cherramientas\u201d en la parte superior y selecciona la pesta\u00f1a de \u201copciones\u201d.<\/p>\n<p>2. Selecciona el icono de Privacidad<\/p>\n<p>3. Pincha en cookies, y marca: \u201cpermitir la instalaci\u00f3n de cookies\u201d.<\/p>\n<p>Safari<\/p>\n<p>1. Al abrir el navegador, pincha \u201cherramientas\u201d en la parte superior y selecciona la pesta\u00f1a de \u201copciones\u201d.<\/p>\n<p>2. Pincha en la pesta\u00f1a de \u201cSeguridad\u201d y revisa si la opci\u00f3n \u201cBloquear el acceso de cookies de terceros\u201d est\u00e1 marcada o no.<\/p>\n<p>3. Pincha en \u201cguardar\u201d.<\/p>\n<p>La instalaci\u00f3n de cookies en Mac<\/p>\n<p>Si tienes un Mac y quieres permitir el acceso de nuestras cookies en tu ordenador, por favor sigue las siguientes instrucciones:<\/p>\n<p>Microsoft Internet Explorer 5.0 en OSX<\/p>\n<p>1. Entra en \u201cExplorer\u201d y selecciona \u201cPreferencias\u201d en la barra de navegaci\u00f3n.<\/p>\n<p>2. Haz scroll hacia abajo hasta que veas \u201cCookies\u201d justo debajo de archivos recibidos.<\/p>\n<p>3. Marca \u201cNo volver a preguntar\u201d.<\/p>\n<p>Safari en OSX<\/p>\n<p>1. Entra en Safari y selecciona \u201cPreferencias\u201d en la barra de navegaci\u00f3n.<\/p>\n<p>2.Pincha en la pesta\u00f1a de \u201cSeguridad\u201d y marcae la opci\u00f3n \u201caceptar cookies\u201d<\/p>\n<p>3. Selecciona la opci\u00f3n: \u201cS\u00f3lo desde el site actual en que estoy navegando\u201d<\/p>\n<p>Mozilla y Netscape en OSX<\/p>\n<p>1. Entra en \u201cMozilla\u201d o \u201cNetscape\u201d y en la parte superior de tu navegador, marca la opci\u00f3n de \u201cPreferencias\u201d<\/p>\n<p>2. Haz scroll hacia abajo hasta que veas \u201cCookies\u201d justo debajo de \u201cPrivacidad y Seguridad\u201d. 3. Marca la opci\u00f3n \u201cPermitir el acceso de cookies s\u00f3lo desde el site actual\u201d<br \/>Opera<br \/>1. Entra en \u201cOpera\u201d y selecciona \u201cMenu\u201d y \u201cAjustes\u201d en la barra de navegaci\u00f3n.<\/p>\n<\/div>\n<div>\u00a0<\/div>\n<div>2. Selecciona \u201cPreferencias\u201d y pincha en la pesta\u00f1a de \u201cAvanzado\u201d. 3. Marca la opci\u00f3n \u201cAceptar cookies\u201d<\/div>\n<p>[\/et_pb_text][\/et_pb_column][\/et_pb_row][\/et_pb_section]<\/p>\n","protected":false},"excerpt":{"rendered":"<p>Pol\u00edtica de cookies Utilizamos cookies para facilitar el uso de nuestra p\u00e1gina web. Las cookies son peque\u00f1os ficheros de informaci\u00f3n que nos permiten comparar y entender c\u00f3mo nuestros usuarios navegan a trav\u00e9s de nuestra p\u00e1gina web, y de esta manera poder mejorar consecuentemente el proceso de navegaci\u00f3n. Las cookies que utilizamos no almacenan dato personal [&hellip;]<\/p>\n","protected":false},"author":1,"featured_media":0,"parent":0,"menu_order":0,"comment_status":"closed","ping_status":"closed","template":"","meta":{"_et_pb_use_builder":"on","_et_pb_old_content":"","_et_gb_content_width":"","inline_featured_image":false,"footnotes":""},"yoast_head":"<!-- This site is optimized with the Yoast SEO plugin v21.5 - https:\/\/yoast.com\/wordpress\/plugins\/seo\/ -->\n<title>Pol\u00edtica de cookies - Forum | Serveis Gr\u00e0fics<\/title>\n<meta name=\"robots\" content=\"index, follow, max-snippet:-1, max-image-preview:large, max-video-preview:-1\" \/>\n<link rel=\"canonical\" href=\"https:\/\/forum-ed.com\/politica-de-cookies\/\" \/>\n<meta property=\"og:locale\" content=\"es_ES\" \/>\n<meta property=\"og:type\" content=\"article\" \/>\n<meta property=\"og:title\" content=\"Pol\u00edtica de cookies - Forum | Serveis Gr\u00e0fics\" \/>\n<meta property=\"og:description\" content=\"Pol\u00edtica de cookies Utilizamos cookies para facilitar el uso de nuestra p\u00e1gina web. Las cookies son peque\u00f1os ficheros de informaci\u00f3n que nos permiten comparar y entender c\u00f3mo nuestros usuarios navegan a trav\u00e9s de nuestra p\u00e1gina web, y de esta manera poder mejorar consecuentemente el proceso de navegaci\u00f3n. Las cookies que utilizamos no almacenan dato personal [&hellip;]\" \/>\n<meta property=\"og:url\" content=\"https:\/\/forum-ed.com\/politica-de-cookies\/\" \/>\n<meta property=\"og:site_name\" content=\"Forum | Serveis Gr\u00e0fics\" \/>\n<meta property=\"article:modified_time\" content=\"2023-10-27T10:44:07+00:00\" \/>\n<meta name=\"twitter:card\" content=\"summary_large_image\" \/>\n<meta name=\"twitter:label1\" content=\"Tiempo de lectura\" \/>\n\t<meta name=\"twitter:data1\" content=\"5 minutos\" \/>\n<script type=\"application\/ld+json\" class=\"yoast-schema-graph\">{\"@context\":\"https:\/\/schema.org\",\"@graph\":[{\"@type\":\"WebPage\",\"@id\":\"https:\/\/forum-ed.com\/politica-de-cookies\/\",\"url\":\"https:\/\/forum-ed.com\/politica-de-cookies\/\",\"name\":\"Pol\u00edtica de cookies - Forum | Serveis Gr\u00e0fics\",\"isPartOf\":{\"@id\":\"https:\/\/forum-ed.com\/#website\"},\"datePublished\":\"2023-10-09T08:08:47+00:00\",\"dateModified\":\"2023-10-27T10:44:07+00:00\",\"breadcrumb\":{\"@id\":\"https:\/\/forum-ed.com\/politica-de-cookies\/#breadcrumb\"},\"inLanguage\":\"es\",\"potentialAction\":[{\"@type\":\"ReadAction\",\"target\":[\"https:\/\/forum-ed.com\/politica-de-cookies\/\"]}]},{\"@type\":\"BreadcrumbList\",\"@id\":\"https:\/\/forum-ed.com\/politica-de-cookies\/#breadcrumb\",\"itemListElement\":[{\"@type\":\"ListItem\",\"position\":1,\"name\":\"Portada\",\"item\":\"https:\/\/forum-ed.com\/\"},{\"@type\":\"ListItem\",\"position\":2,\"name\":\"Pol\u00edtica de cookies\"}]},{\"@type\":\"WebSite\",\"@id\":\"https:\/\/forum-ed.com\/#website\",\"url\":\"https:\/\/forum-ed.com\/\",\"name\":\"Forum | Serveis Gr\u00e0fics\",\"description\":\"Impressi\u00f3 digital i offset\",\"potentialAction\":[{\"@type\":\"SearchAction\",\"target\":{\"@type\":\"EntryPoint\",\"urlTemplate\":\"https:\/\/forum-ed.com\/?s={search_term_string}\"},\"query-input\":\"required name=search_term_string\"}],\"inLanguage\":\"es\"}]}<\/script>\n<!-- \/ Yoast SEO plugin. -->","yoast_head_json":{"title":"Pol\u00edtica de cookies - Forum | Serveis Gr\u00e0fics","robots":{"index":"index","follow":"follow","max-snippet":"max-snippet:-1","max-image-preview":"max-image-preview:large","max-video-preview":"max-video-preview:-1"},"canonical":"https:\/\/forum-ed.com\/politica-de-cookies\/","og_locale":"es_ES","og_type":"article","og_title":"Pol\u00edtica de cookies - Forum | Serveis Gr\u00e0fics","og_description":"Pol\u00edtica de cookies Utilizamos cookies para facilitar el uso de nuestra p\u00e1gina web. Las cookies son peque\u00f1os ficheros de informaci\u00f3n que nos permiten comparar y entender c\u00f3mo nuestros usuarios navegan a trav\u00e9s de nuestra p\u00e1gina web, y de esta manera poder mejorar consecuentemente el proceso de navegaci\u00f3n. Las cookies que utilizamos no almacenan dato personal [&hellip;]","og_url":"https:\/\/forum-ed.com\/politica-de-cookies\/","og_site_name":"Forum | Serveis Gr\u00e0fics","article_modified_time":"2023-10-27T10:44:07+00:00","twitter_card":"summary_large_image","twitter_misc":{"Tiempo de lectura":"5 minutos"},"schema":{"@context":"https:\/\/schema.org","@graph":[{"@type":"WebPage","@id":"https:\/\/forum-ed.com\/politica-de-cookies\/","url":"https:\/\/forum-ed.com\/politica-de-cookies\/","name":"Pol\u00edtica de cookies - Forum | Serveis Gr\u00e0fics","isPartOf":{"@id":"https:\/\/forum-ed.com\/#website"},"datePublished":"2023-10-09T08:08:47+00:00","dateModified":"2023-10-27T10:44:07+00:00","breadcrumb":{"@id":"https:\/\/forum-ed.com\/politica-de-cookies\/#breadcrumb"},"inLanguage":"es","potentialAction":[{"@type":"ReadAction","target":["https:\/\/forum-ed.com\/politica-de-cookies\/"]}]},{"@type":"BreadcrumbList","@id":"https:\/\/forum-ed.com\/politica-de-cookies\/#breadcrumb","itemListElement":[{"@type":"ListItem","position":1,"name":"Portada","item":"https:\/\/forum-ed.com\/"},{"@type":"ListItem","position":2,"name":"Pol\u00edtica de cookies"}]},{"@type":"WebSite","@id":"https:\/\/forum-ed.com\/#website","url":"https:\/\/forum-ed.com\/","name":"Forum | Serveis Gr\u00e0fics","description":"Impressi\u00f3 digital i offset","potentialAction":[{"@type":"SearchAction","target":{"@type":"EntryPoint","urlTemplate":"https:\/\/forum-ed.com\/?s={search_term_string}"},"query-input":"required name=search_term_string"}],"inLanguage":"es"}]}},"_links":{"self":[{"href":"https:\/\/forum-ed.com\/es\/wp-json\/wp\/v2\/pages\/761"}],"collection":[{"href":"https:\/\/forum-ed.com\/es\/wp-json\/wp\/v2\/pages"}],"about":[{"href":"https:\/\/forum-ed.com\/es\/wp-json\/wp\/v2\/types\/page"}],"author":[{"embeddable":true,"href":"https:\/\/forum-ed.com\/es\/wp-json\/wp\/v2\/users\/1"}],"replies":[{"embeddable":true,"href":"https:\/\/forum-ed.com\/es\/wp-json\/wp\/v2\/comments?post=761"}],"version-history":[{"count":2,"href":"https:\/\/forum-ed.com\/es\/wp-json\/wp\/v2\/pages\/761\/revisions"}],"predecessor-version":[{"id":763,"href":"https:\/\/forum-ed.com\/es\/wp-json\/wp\/v2\/pages\/761\/revisions\/763"}],"wp:attachment":[{"href":"https:\/\/forum-ed.com\/es\/wp-json\/wp\/v2\/media?parent=761"}],"curies":[{"name":"wp","href":"https:\/\/api.w.org\/{rel}","templated":true}]}}