{"id":764,"date":"2023-09-26T08:32:28","date_gmt":"2023-09-26T06:32:28","guid":{"rendered":"https:\/\/forum-ed.com\/politica-de-privacidad\/"},"modified":"2023-10-27T12:44:34","modified_gmt":"2023-10-27T10:44:34","slug":"politica-de-privacidad","status":"publish","type":"page","link":"https:\/\/forum-ed.com\/es\/politica-de-privacidad\/","title":{"rendered":"Pol\u00edtica de privacidad"},"content":{"rendered":"<p>[et_pb_section fb_built=\u00bb1&#8243; _builder_version=\u00bb4.22.1&#8243; _module_preset=\u00bbdefault\u00bb use_background_color_gradient=\u00bbon\u00bb background_color_gradient_direction=\u00bb90deg\u00bb background_color_gradient_stops=\u00bb#2eb9c4 0%|#d8b12e 100%\u00bb custom_padding=\u00bb1em||0.5em||false|false\u00bb global_colors_info=\u00bb{}\u00bb][et_pb_row _builder_version=\u00bb4.22.1&#8243; _module_preset=\u00bbdefault\u00bb global_colors_info=\u00bb{}\u00bb][et_pb_column type=\u00bb4_4&#8243; _builder_version=\u00bb4.22.1&#8243; _module_preset=\u00bbdefault\u00bb global_colors_info=\u00bb{}\u00bb][et_pb_text _builder_version=\u00bb4.22.1&#8243; _module_preset=\u00bbdefault\u00bb header_font=\u00bbQuicksand|700||on|||||\u00bb header_text_align=\u00bbcenter\u00bb header_text_color=\u00bb#FFFFFF\u00bb header_font_size=\u00bb35px\u00bb header_line_height=\u00bb1.4em\u00bb global_colors_info=\u00bb{}\u00bb]<\/p>\n<h1>Pol\u00edtica de privacidad<\/h1>\n<p>[\/et_pb_text][\/et_pb_column][\/et_pb_row][\/et_pb_section][et_pb_section fb_built=\u00bb1&#8243; _builder_version=\u00bb4.22.1&#8243; _module_preset=\u00bbdefault\u00bb custom_margin=\u00bb||0px||false|false\u00bb custom_padding=\u00bb1em||0px||false|false\u00bb global_colors_info=\u00bb{}\u00bb][et_pb_row _builder_version=\u00bb4.22.1&#8243; _module_preset=\u00bbdefault\u00bb global_colors_info=\u00bb{}\u00bb][et_pb_column type=\u00bb4_4&#8243; _builder_version=\u00bb4.22.1&#8243; _module_preset=\u00bbdefault\u00bb global_colors_info=\u00bb{}\u00bb][et_pb_text _builder_version=\u00bb4.22.1&#8243; _module_preset=\u00bbdefault\u00bb text_font=\u00bbQuicksand||||||||\u00bb text_text_color=\u00bb#000000&#8243; text_font_size=\u00bb16px\u00bb global_colors_info=\u00bb{}\u00bb]<\/p>\n<p>Lorem ipsum dolor sit amet, consectetur adipiscing elit. Morbi pulvinar nec metus et convallis. Maecenas elit turpis, feugiat eget vestibulum vitae, facilisis vitae erat. Maecenas auctor neque eu viverra commodo. Etiam in maximus sapien. Aliquam sed ligula et eros varius tempus non a tellus. Proin eu rhoncus eros, nec semper massa. Duis non tempor nunc. Aliquam vitae lorem urna.<\/p>\n<p>Donec nec lacus facilisis, auctor lectus ut, pretium odio. Nam turpis neque, elementum quis sapien vel, placerat fringilla sapien. Donec posuere massa tortor, in vulputate ipsum auctor in. Morbi tempor quam ac efficitur efficitur. Vivamus id tincidunt justo, id rhoncus mi. Praesent dignissim orci vitae augue sagittis blandit. Phasellus rutrum consectetur elit ac consequat. Nullam iaculis nisl nec ex eleifend, in euismod metus vestibulum. Donec dignissim ex sit amet volutpat auctor. Fusce pharetra auctor lectus. Suspendisse ac justo convallis ipsum luctus tincidunt. In malesuada non nunc et interdum. Proin efficitur orci id lacinia sagittis. Etiam ac dui ut dui rutrum pretium et tempus est. Nulla dui nunc, varius aliquam enim ut, mattis mollis dolor. Donec sit amet sapien eget diam molestie euismod.<\/p>\n<p>Proin sem massa, pharetra aliquam mi vel, pulvinar consectetur ante. Nam ultricies, ante eget volutpat malesuada, turpis neque condimentum metus, eget interdum nibh massa sit amet ipsum. Proin cursus, lectus et egestas convallis, lacus augue ornare libero, et cursus sapien lorem in neque. In vitae neque ex. Aenean tincidunt massa eget eros efficitur, vel scelerisque augue ultricies. Donec aliquam, nisl et pretium sollicitudin, elit risus suscipit arcu, sed placerat tellus mi eu nisi. Mauris et vehicula ligula, quis convallis neque. Pellentesque posuere quis purus quis condimentum. Suspendisse ullamcorper cursus odio ac semper. Pellentesque non venenatis nulla, at faucibus enim.<\/p>\n<p>Integer quis lorem magna. Vestibulum viverra tincidunt lectus, tempor sodales justo dignissim et. Donec eu dui vehicula, ullamcorper nisl eget, euismod sem. Sed id posuere ligula. Ut laoreet metus lectus, nec porttitor nulla efficitur at. In et eleifend orci, in pretium est. Nam at ullamcorper nunc. Integer bibendum nulla ac orci fringilla, non pulvinar mi aliquet. Aliquam nisi elit, hendrerit at dolor vel, ullamcorper luctus metus. Sed quis ipsum hendrerit, accumsan purus a, vulputate eros. Nunc feugiat, ligula auctor venenatis vulputate, lacus ligula interdum enim, id condimentum orci ex et augue. Nullam ut ornare ante. Integer scelerisque quam eu dui faucibus, vel laoreet leo faucibus. Donec sagittis pharetra eros ac suscipit.<\/p>\n<p>Nunc eleifend mauris at egestas aliquam. Donec placerat vulputate libero, ut fermentum dolor porttitor quis. In vel malesuada lorem. Donec sodales a quam non convallis. Phasellus at arcu id mi aliquam viverra a et dui. Class aptent taciti sociosqu ad litora torquent per conubia nostra, per inceptos himenaeos. Fusce dapibus ante tortor, ac interdum lectus eleifend in. Ut scelerisque massa dictum enim pellentesque, id venenatis est malesuada. Phasellus quis dolor vitae augue volutpat lobortis eu nec quam. Nulla interdum felis sit amet venenatis sollicitudin. Proin non neque venenatis, tristique sem ut, venenatis quam. Praesent feugiat sapien a fringilla volutpat. Vivamus id ante ultricies, faucibus orci quis, bibendum tortor. Donec sit amet semper felis.<\/p>\n<p>[\/et_pb_text][\/et_pb_column][\/et_pb_row][\/et_pb_section]<\/p>\n","protected":false},"excerpt":{"rendered":"<p>Pol\u00edtica de privacidadLorem ipsum dolor sit amet, consectetur adipiscing elit. Morbi pulvinar nec metus et convallis. Maecenas elit turpis, feugiat eget vestibulum vitae, facilisis vitae erat. Maecenas auctor neque eu viverra commodo. Etiam in maximus sapien. Aliquam sed ligula et eros varius tempus non a tellus. Proin eu rhoncus eros, nec semper massa. Duis non [&hellip;]<\/p>\n","protected":false},"author":1,"featured_media":0,"parent":0,"menu_order":0,"comment_status":"closed","ping_status":"closed","template":"","meta":{"_et_pb_use_builder":"on","_et_pb_old_content":"","_et_gb_content_width":"","inline_featured_image":false,"footnotes":""},"yoast_head":"<!-- This site is optimized with the Yoast SEO plugin v21.5 - https:\/\/yoast.com\/wordpress\/plugins\/seo\/ -->\n<title>Pol\u00edtica de privacidad - Forum | Serveis Gr\u00e0fics<\/title>\n<meta name=\"robots\" content=\"index, follow, max-snippet:-1, max-image-preview:large, max-video-preview:-1\" \/>\n<link rel=\"canonical\" href=\"https:\/\/forum-ed.com\/politica-de-privacitat\/\" \/>\n<meta property=\"og:locale\" content=\"es_ES\" \/>\n<meta property=\"og:type\" content=\"article\" \/>\n<meta property=\"og:title\" content=\"Pol\u00edtica de privacidad - Forum | Serveis Gr\u00e0fics\" \/>\n<meta property=\"og:description\" content=\"Pol\u00edtica de privacidadLorem ipsum dolor sit amet, consectetur adipiscing elit. Morbi pulvinar nec metus et convallis. Maecenas elit turpis, feugiat eget vestibulum vitae, facilisis vitae erat. Maecenas auctor neque eu viverra commodo. Etiam in maximus sapien. Aliquam sed ligula et eros varius tempus non a tellus. Proin eu rhoncus eros, nec semper massa. Duis non [&hellip;]\" \/>\n<meta property=\"og:url\" content=\"https:\/\/forum-ed.com\/politica-de-privacitat\/\" \/>\n<meta property=\"og:site_name\" content=\"Forum | Serveis Gr\u00e0fics\" \/>\n<meta property=\"article:modified_time\" content=\"2023-10-27T10:44:34+00:00\" \/>\n<meta name=\"twitter:card\" content=\"summary_large_image\" \/>\n<meta name=\"twitter:label1\" content=\"Tiempo de lectura\" \/>\n\t<meta name=\"twitter:data1\" content=\"3 minutos\" \/>\n<script type=\"application\/ld+json\" class=\"yoast-schema-graph\">{\"@context\":\"https:\/\/schema.org\",\"@graph\":[{\"@type\":\"WebPage\",\"@id\":\"https:\/\/forum-ed.com\/politica-de-privacitat\/\",\"url\":\"https:\/\/forum-ed.com\/politica-de-privacitat\/\",\"name\":\"Pol\u00edtica de privacidad - Forum | Serveis Gr\u00e0fics\",\"isPartOf\":{\"@id\":\"https:\/\/forum-ed.com\/#website\"},\"datePublished\":\"2023-09-26T06:32:28+00:00\",\"dateModified\":\"2023-10-27T10:44:34+00:00\",\"breadcrumb\":{\"@id\":\"https:\/\/forum-ed.com\/politica-de-privacitat\/#breadcrumb\"},\"inLanguage\":\"es\",\"potentialAction\":[{\"@type\":\"ReadAction\",\"target\":[\"https:\/\/forum-ed.com\/politica-de-privacitat\/\"]}]},{\"@type\":\"BreadcrumbList\",\"@id\":\"https:\/\/forum-ed.com\/politica-de-privacitat\/#breadcrumb\",\"itemListElement\":[{\"@type\":\"ListItem\",\"position\":1,\"name\":\"Portada\",\"item\":\"https:\/\/forum-ed.com\/\"},{\"@type\":\"ListItem\",\"position\":2,\"name\":\"Pol\u00edtica de privacidad\"}]},{\"@type\":\"WebSite\",\"@id\":\"https:\/\/forum-ed.com\/#website\",\"url\":\"https:\/\/forum-ed.com\/\",\"name\":\"Forum | Serveis Gr\u00e0fics\",\"description\":\"Impressi\u00f3 digital i offset\",\"potentialAction\":[{\"@type\":\"SearchAction\",\"target\":{\"@type\":\"EntryPoint\",\"urlTemplate\":\"https:\/\/forum-ed.com\/?s={search_term_string}\"},\"query-input\":\"required name=search_term_string\"}],\"inLanguage\":\"es\"}]}<\/script>\n<!-- \/ Yoast SEO plugin. -->","yoast_head_json":{"title":"Pol\u00edtica de privacidad - Forum | Serveis Gr\u00e0fics","robots":{"index":"index","follow":"follow","max-snippet":"max-snippet:-1","max-image-preview":"max-image-preview:large","max-video-preview":"max-video-preview:-1"},"canonical":"https:\/\/forum-ed.com\/politica-de-privacitat\/","og_locale":"es_ES","og_type":"article","og_title":"Pol\u00edtica de privacidad - Forum | Serveis Gr\u00e0fics","og_description":"Pol\u00edtica de privacidadLorem ipsum dolor sit amet, consectetur adipiscing elit. Morbi pulvinar nec metus et convallis. Maecenas elit turpis, feugiat eget vestibulum vitae, facilisis vitae erat. Maecenas auctor neque eu viverra commodo. Etiam in maximus sapien. Aliquam sed ligula et eros varius tempus non a tellus. Proin eu rhoncus eros, nec semper massa. Duis non [&hellip;]","og_url":"https:\/\/forum-ed.com\/politica-de-privacitat\/","og_site_name":"Forum | Serveis Gr\u00e0fics","article_modified_time":"2023-10-27T10:44:34+00:00","twitter_card":"summary_large_image","twitter_misc":{"Tiempo de lectura":"3 minutos"},"schema":{"@context":"https:\/\/schema.org","@graph":[{"@type":"WebPage","@id":"https:\/\/forum-ed.com\/politica-de-privacitat\/","url":"https:\/\/forum-ed.com\/politica-de-privacitat\/","name":"Pol\u00edtica de privacidad - Forum | Serveis Gr\u00e0fics","isPartOf":{"@id":"https:\/\/forum-ed.com\/#website"},"datePublished":"2023-09-26T06:32:28+00:00","dateModified":"2023-10-27T10:44:34+00:00","breadcrumb":{"@id":"https:\/\/forum-ed.com\/politica-de-privacitat\/#breadcrumb"},"inLanguage":"es","potentialAction":[{"@type":"ReadAction","target":["https:\/\/forum-ed.com\/politica-de-privacitat\/"]}]},{"@type":"BreadcrumbList","@id":"https:\/\/forum-ed.com\/politica-de-privacitat\/#breadcrumb","itemListElement":[{"@type":"ListItem","position":1,"name":"Portada","item":"https:\/\/forum-ed.com\/"},{"@type":"ListItem","position":2,"name":"Pol\u00edtica de privacidad"}]},{"@type":"WebSite","@id":"https:\/\/forum-ed.com\/#website","url":"https:\/\/forum-ed.com\/","name":"Forum | Serveis Gr\u00e0fics","description":"Impressi\u00f3 digital i offset","potentialAction":[{"@type":"SearchAction","target":{"@type":"EntryPoint","urlTemplate":"https:\/\/forum-ed.com\/?s={search_term_string}"},"query-input":"required name=search_term_string"}],"inLanguage":"es"}]}},"_links":{"self":[{"href":"https:\/\/forum-ed.com\/es\/wp-json\/wp\/v2\/pages\/764"}],"collection":[{"href":"https:\/\/forum-ed.com\/es\/wp-json\/wp\/v2\/pages"}],"about":[{"href":"https:\/\/forum-ed.com\/es\/wp-json\/wp\/v2\/types\/page"}],"author":[{"embeddable":true,"href":"https:\/\/forum-ed.com\/es\/wp-json\/wp\/v2\/users\/1"}],"replies":[{"embeddable":true,"href":"https:\/\/forum-ed.com\/es\/wp-json\/wp\/v2\/comments?post=764"}],"version-history":[{"count":2,"href":"https:\/\/forum-ed.com\/es\/wp-json\/wp\/v2\/pages\/764\/revisions"}],"predecessor-version":[{"id":766,"href":"https:\/\/forum-ed.com\/es\/wp-json\/wp\/v2\/pages\/764\/revisions\/766"}],"wp:attachment":[{"href":"https:\/\/forum-ed.com\/es\/wp-json\/wp\/v2\/media?parent=764"}],"curies":[{"name":"wp","href":"https:\/\/api.w.org\/{rel}","templated":true}]}}